{"id":2916,"date":"2015-02-03T20:15:21","date_gmt":"2015-02-03T19:15:21","guid":{"rendered":"https:\/\/www.hotelcastrum.it\/il-castrum-gradese\/"},"modified":"2025-07-28T16:27:13","modified_gmt":"2025-07-28T15:27:13","slug":"il-castrum-gradese","status":"publish","type":"page","link":"https:\/\/www.hotelcastrum.it\/de\/il-castrum-gradese\/","title":{"rendered":"Das Castrum"},"content":{"rendered":"<p><div class=\"fusion-fullwidth fullwidth-box fusion-builder-row-1 fusion-flex-container nonhundred-percent-fullwidth non-hundred-percent-height-scrolling\" style=\"--awb-background-position:left top;--awb-border-sizes-top:0px;--awb-border-sizes-bottom:0px;--awb-border-sizes-left:0px;--awb-border-sizes-right:0px;--awb-border-radius-top-left:0px;--awb-border-radius-top-right:0px;--awb-border-radius-bottom-right:0px;--awb-border-radius-bottom-left:0px;--awb-padding-top:0px;--awb-padding-bottom:85px;--awb-padding-bottom-medium:50px;--awb-flex-wrap:wrap;\" ><div class=\"fusion-builder-row fusion-row fusion-flex-align-items-flex-start fusion-flex-content-wrap\" style=\"max-width:1216.8px;margin-left: calc(-4% \/ 2 );margin-right: calc(-4% \/ 2 );\"><div class=\"fusion-layout-column fusion_builder_column fusion-builder-column-0 fusion_builder_column_1_2 1_2 fusion-flex-column\" style=\"--awb-padding-right:4%;--awb-padding-left:4%;--awb-padding-right-medium:4%;--awb-padding-left-medium:4%;--awb-bg-blend:overlay;--awb-bg-size:cover;--awb-width-large:50%;--awb-margin-top-large:0px;--awb-spacing-right-large:3.84%;--awb-margin-bottom-large:20px;--awb-spacing-left-large:3.84%;--awb-width-medium:100%;--awb-spacing-right-medium:1.92%;--awb-spacing-left-medium:1.92%;--awb-width-small:100%;--awb-spacing-right-small:1.92%;--awb-spacing-left-small:1.92%;\"><div class=\"fusion-column-wrapper fusion-flex-justify-content-flex-start fusion-content-layout-column\"><div class=\"fusion-title title fusion-title-1 fusion-title-text fusion-title-size-two\" style=\"--awb-margin-bottom:0px;--awb-margin-bottom-small:0px;--awb-margin-bottom-medium:0px;--awb-font-size:var(--awb-typography2-font-size);\"><div class=\"title-sep-container title-sep-container-left fusion-no-large-visibility fusion-no-medium-visibility fusion-no-small-visibility\"><div class=\"title-sep sep- sep-solid\" style=\"border-color:var(--awb-color3);\"><\/div><\/div><span class=\"awb-title-spacer fusion-no-large-visibility fusion-no-medium-visibility fusion-no-small-visibility\"><\/span><h2 class=\"fusion-title-heading title-heading-left fusion-responsive-typography-calculated\" style=\"font-family:var(--awb-typography2-font-family);font-weight:var(--awb-typography2-font-weight);font-style:var(--awb-typography2-font-style);margin:0;font-size:1em;letter-spacing:var(--awb-typography2-letter-spacing);text-transform:var(--awb-typography2-text-transform);--fontSize:14;--minFontSize:14;line-height:var(--awb-typography2-line-height);\">ALTSTADT<\/h2><span class=\"awb-title-spacer\"><\/span><div class=\"title-sep-container title-sep-container-right\"><div class=\"title-sep sep- sep-solid\" style=\"border-color:var(--awb-color3);\"><\/div><\/div><\/div><div class=\"fusion-title title fusion-title-2 fusion-title-text fusion-title-size-three\" style=\"--awb-margin-bottom-small:15px;--awb-font-size:46px;\"><div class=\"title-sep-container title-sep-container-left fusion-no-large-visibility fusion-no-medium-visibility fusion-no-small-visibility\"><div class=\"title-sep sep- sep-solid\" style=\"border-color:var(--awb-color3);\"><\/div><\/div><span class=\"awb-title-spacer fusion-no-large-visibility fusion-no-medium-visibility fusion-no-small-visibility\"><\/span><h3 class=\"fusion-title-heading title-heading-left fusion-responsive-typography-calculated\" style=\"margin:0;font-size:1em;--fontSize:46;line-height:var(--awb-typography1-line-height);\">Im Herzen der Geschichte: das Castrum von Grado<\/h3><span class=\"awb-title-spacer\"><\/span><div class=\"title-sep-container title-sep-container-right\"><div class=\"title-sep sep- sep-solid\" style=\"border-color:var(--awb-color3);\"><\/div><\/div><\/div><div class=\"fusion-separator\" style=\"align-self: flex-start;margin-right:auto;margin-top:0px;margin-bottom:20px;width:100%;max-width:50px;\"><div class=\"fusion-separator-border sep-single sep-solid\" style=\"--awb-height:20px;--awb-amount:20px;--awb-sep-color:var(--awb-color4);border-color:var(--awb-color4);border-top-width:1px;\"><\/div><\/div><div class=\"fusion-text fusion-text-1\" style=\"--awb-content-alignment:left;\"><p>Das Castrum von Grado ist der urspr\u00fcngliche befestigte Kern der Stadt, ein Ort von gro\u00dfem historischem und symbolischem Wert. Es wurde im 6. Jahrhundert auf Wunsch der Bisch\u00f6fe von Aquileia nach den Invasionen der Goten und Langobarden errichtet und diente der Bev\u00f6lkerung als sicherer und strategischer Zufluchtsort.<\/p>\n<p><img decoding=\"async\" class=\"lazyload alignleft wp-image-3035\" src=\"https:\/\/www.hotelcastrum.it\/wp-content\/uploads\/2025\/07\/castrummod-6.png\" data-orig-src=\"https:\/\/www.hotelcastrum.it\/wp-content\/uploads\/2025\/07\/castrummod-6.png\" alt=\"\" width=\"300\" height=\"376\" srcset=\"data:image\/svg+xml,%3Csvg%20xmlns%3D%27http%3A%2F%2Fwww.w3.org%2F2000%2Fsvg%27%20width%3D%27300%27%20height%3D%27376%27%20viewBox%3D%270%200%20300%20376%27%3E%3Crect%20width%3D%27300%27%20height%3D%27376%27%20fill-opacity%3D%220%22%2F%3E%3C%2Fsvg%3E\" data-srcset=\"https:\/\/www.hotelcastrum.it\/wp-content\/uploads\/2025\/07\/castrummod-6-200x250.png 200w, https:\/\/www.hotelcastrum.it\/wp-content\/uploads\/2025\/07\/castrummod-6-240x300.png 240w, https:\/\/www.hotelcastrum.it\/wp-content\/uploads\/2025\/07\/castrummod-6.png 401w\" data-sizes=\"auto\" data-orig-sizes=\"(max-width: 300px) 100vw, 300px\" \/><\/p>\n<p>Diese ummauerte Zitadelle umfasste Kirchen, Wohnh\u00e4user, Stra\u00dfen und Pl\u00e4tze, die noch heute das Stadtbild der Altstadt von Grado pr\u00e4gen. Beim Spaziergang durch die Gassen des Castrum atmet man den Geist von dreizehn Jahrhunderten voller Ereignisse, Spiritualit\u00e4t und Kunst.<\/p>\n<p>Zu den bedeutendsten \u00dcberresten geh\u00f6rt das Porta Grande, eines der urspr\u00fcnglich sechs Tore, das die Jahrhunderte \u00fcberdauert hat. Es zeichnet sich durch eine imposante quadratische Struktur aus und ist mit venezianischen Elementen wie dem Markusl\u00f6wen geschm\u00fcckt. Es war der Hauptzugang zum pulsierenden Herzen der Zitadelle. Sein heutiges Aussehen ist das Ergebnis historischer Schichten, die die Entwicklung der Stadt von der patriarchalen Herrschaft bis zur venezianischen Pr\u00e4senz erz\u00e4hlen.<\/p>\n<p>Ein Aufenthalt im Inneren des Castrum bedeutet, in eine jahrtausendealte Geschichte einzutauchen \u2013 in einen einzigartigen Kontext, in dem sich der Zauber alten Steins mit der Lebendigkeit des modernen Zentrums verbindet.<\/p>\n<\/div><\/div><\/div><div class=\"fusion-layout-column fusion_builder_column fusion-builder-column-1 fusion_builder_column_1_2 1_2 fusion-flex-column\" style=\"--awb-padding-top:40px;--awb-padding-right:40px;--awb-padding-bottom:40px;--awb-padding-left:40px;--awb-bg-color:var(--awb-color1);--awb-bg-color-hover:var(--awb-color1);--awb-bg-size:cover;--awb-border-color:var(--awb-color2);--awb-border-top:1px;--awb-border-right:1px;--awb-border-bottom:1px;--awb-border-left:1px;--awb-border-style:solid;--awb-width-large:50%;--awb-margin-top-large:0px;--awb-spacing-right-large:3.84%;--awb-margin-bottom-large:20px;--awb-spacing-left-large:3.84%;--awb-width-medium:100%;--awb-spacing-right-medium:1.92%;--awb-margin-bottom-medium:48px;--awb-spacing-left-medium:1.92%;--awb-width-small:100%;--awb-spacing-right-small:1.92%;--awb-spacing-left-small:1.92%;\"><div class=\"fusion-column-wrapper fusion-flex-justify-content-flex-start fusion-content-layout-column\"><div class=\"fusion-image-element \" style=\"text-align:center;--awb-liftup-border-radius:0px;--awb-caption-title-font-family:var(--h2_typography-font-family);--awb-caption-title-font-weight:var(--h2_typography-font-weight);--awb-caption-title-font-style:var(--h2_typography-font-style);--awb-caption-title-size:var(--h2_typography-font-size);--awb-caption-title-transform:var(--h2_typography-text-transform);--awb-caption-title-line-height:var(--h2_typography-line-height);--awb-caption-title-letter-spacing:var(--h2_typography-letter-spacing);\"><div class=\"awb-image-frame awb-image-frame-1 imageframe-liftup\"><span class=\" fusion-imageframe imageframe-dropshadow imageframe-1\" style=\"border:13px solid var(--awb-color1);-webkit-box-shadow: 3px 3px 7px var(--awb-color3);box-shadow: 3px 3px 7px var(--awb-color3);\"><img decoding=\"async\" width=\"720\" height=\"1024\" title=\"calli-grado\" src=\"https:\/\/www.hotelcastrum.it\/wp-content\/uploads\/2025\/05\/calli-grado.jpg\" data-orig-src=\"http:\/\/www.hotelcastrum.it\/wp-content\/uploads\/2025\/05\/calli-grado-720x1024.jpg\" alt class=\"lazyload img-responsive wp-image-2633\" srcset=\"data:image\/svg+xml,%3Csvg%20xmlns%3D%27http%3A%2F%2Fwww.w3.org%2F2000%2Fsvg%27%20width%3D%271650%27%20height%3D%272348%27%20viewBox%3D%270%200%201650%202348%27%3E%3Crect%20width%3D%271650%27%20height%3D%272348%27%20fill-opacity%3D%220%22%2F%3E%3C%2Fsvg%3E\" data-srcset=\"https:\/\/www.hotelcastrum.it\/wp-content\/uploads\/2025\/05\/calli-grado-200x285.jpg 200w, https:\/\/www.hotelcastrum.it\/wp-content\/uploads\/2025\/05\/calli-grado-400x569.jpg 400w, https:\/\/www.hotelcastrum.it\/wp-content\/uploads\/2025\/05\/calli-grado-600x854.jpg 600w, https:\/\/www.hotelcastrum.it\/wp-content\/uploads\/2025\/05\/calli-grado-800x1138.jpg 800w, https:\/\/www.hotelcastrum.it\/wp-content\/uploads\/2025\/05\/calli-grado-1200x1708.jpg 1200w, https:\/\/www.hotelcastrum.it\/wp-content\/uploads\/2025\/05\/calli-grado.jpg 1650w\" data-sizes=\"auto\" data-orig-sizes=\"(max-width: 1024px) 100vw, (max-width: 640px) 100vw, 600px\" \/><\/span><\/div><\/div><\/div><\/div><\/div><\/div><div class=\"fusion-fullwidth fullwidth-box fusion-builder-row-2 fusion-flex-container has-pattern-background has-mask-background fusion-parallax-none nonhundred-percent-fullwidth non-hundred-percent-height-scrolling lazyload\" style=\"--awb-background-position:center top;--awb-border-sizes-top:0px;--awb-border-sizes-bottom:0px;--awb-border-sizes-left:0px;--awb-border-sizes-right:0px;--awb-border-radius-top-left:0px;--awb-border-radius-top-right:0px;--awb-border-radius-bottom-right:0px;--awb-border-radius-bottom-left:0px;--awb-padding-top:75px;--awb-padding-bottom:600px;--awb-background-size:cover;--awb-flex-wrap:wrap;\" data-bg=\"http:\/\/www.hotelcastrum.it\/wp-content\/uploads\/2025\/05\/castrum1.jpg\" ><div class=\"fusion-builder-row fusion-row fusion-flex-align-items-flex-start fusion-flex-content-wrap\" style=\"max-width:calc( 1170px + 0px );margin-left: calc(-0px \/ 2 );margin-right: calc(-0px \/ 2 );\"><div class=\"fusion-layout-column fusion_builder_column fusion-builder-column-2 fusion_builder_column_1_1 1_1 fusion-flex-column fusion-flex-align-self-flex-start fusion-column-no-min-height\" style=\"--awb-bg-blend:overlay;--awb-bg-size:cover;--awb-width-large:100%;--awb-margin-top-large:0px;--awb-spacing-right-large:0px;--awb-margin-bottom-large:0px;--awb-spacing-left-large:0px;--awb-width-medium:100%;--awb-spacing-right-medium:0px;--awb-spacing-left-medium:0px;--awb-width-small:100%;--awb-spacing-right-small:0px;--awb-spacing-left-small:0px;\"><div class=\"fusion-column-wrapper fusion-flex-justify-content-flex-start fusion-content-layout-column\"><div class=\"fusion-separator fusion-full-width-sep\" style=\"align-self: center;margin-left: auto;margin-right: auto;width:100%;\"><\/div><\/div><\/div><\/div><\/div><div class=\"fusion-fullwidth fullwidth-box fusion-builder-row-3 fusion-flex-container has-pattern-background has-mask-background nonhundred-percent-fullwidth non-hundred-percent-height-scrolling\" style=\"--awb-background-position:left top;--awb-border-sizes-top:0px;--awb-border-sizes-bottom:0px;--awb-border-sizes-left:0px;--awb-border-sizes-right:0px;--awb-border-radius-top-left:0px;--awb-border-radius-top-right:0px;--awb-border-radius-bottom-right:0px;--awb-border-radius-bottom-left:0px;--awb-padding-top:75px;--awb-padding-bottom:85px;--awb-padding-bottom-medium:50px;--awb-flex-wrap:wrap;\" ><div class=\"fusion-builder-row fusion-row fusion-flex-align-items-flex-start fusion-flex-content-wrap\" style=\"max-width:1216.8px;margin-left: calc(-4% \/ 2 );margin-right: calc(-4% \/ 2 );\"><div class=\"fusion-layout-column fusion_builder_column fusion-builder-column-3 fusion_builder_column_1_2 1_2 fusion-flex-column\" style=\"--awb-padding-top:40px;--awb-padding-right:40px;--awb-padding-bottom:40px;--awb-padding-left:40px;--awb-bg-color:var(--awb-color1);--awb-bg-color-hover:var(--awb-color1);--awb-bg-size:cover;--awb-border-color:var(--awb-color2);--awb-border-top:1px;--awb-border-right:1px;--awb-border-bottom:1px;--awb-border-left:1px;--awb-border-style:solid;--awb-width-large:50%;--awb-margin-top-large:0px;--awb-spacing-right-large:3.84%;--awb-margin-bottom-large:20px;--awb-spacing-left-large:3.84%;--awb-width-medium:100%;--awb-spacing-right-medium:1.92%;--awb-margin-bottom-medium:48px;--awb-spacing-left-medium:1.92%;--awb-width-small:100%;--awb-spacing-right-small:1.92%;--awb-spacing-left-small:1.92%;\"><div class=\"fusion-column-wrapper fusion-flex-justify-content-flex-start fusion-content-layout-column\"><div class=\"fusion-image-element \" style=\"text-align:center;--awb-liftup-border-radius:0px;--awb-caption-title-font-family:var(--h2_typography-font-family);--awb-caption-title-font-weight:var(--h2_typography-font-weight);--awb-caption-title-font-style:var(--h2_typography-font-style);--awb-caption-title-size:var(--h2_typography-font-size);--awb-caption-title-transform:var(--h2_typography-text-transform);--awb-caption-title-line-height:var(--h2_typography-line-height);--awb-caption-title-letter-spacing:var(--h2_typography-letter-spacing);\"><div class=\"awb-image-frame awb-image-frame-2 imageframe-liftup\"><span class=\" fusion-imageframe imageframe-dropshadow imageframe-2\" style=\"border:13px solid var(--awb-color1);-webkit-box-shadow: 3px 3px 7px var(--awb-color3);box-shadow: 3px 3px 7px var(--awb-color3);\"><img decoding=\"async\" width=\"1650\" height=\"2348\" title=\"castrum-chiesa\" src=\"https:\/\/www.hotelcastrum.it\/wp-content\/uploads\/2025\/06\/castrum-chiesa.jpg\" data-orig-src=\"http:\/\/www.hotelcastrum.it\/wp-content\/uploads\/2025\/06\/castrum-chiesa.jpg\" alt class=\"lazyload img-responsive wp-image-2835\" srcset=\"data:image\/svg+xml,%3Csvg%20xmlns%3D%27http%3A%2F%2Fwww.w3.org%2F2000%2Fsvg%27%20width%3D%271650%27%20height%3D%272348%27%20viewBox%3D%270%200%201650%202348%27%3E%3Crect%20width%3D%271650%27%20height%3D%272348%27%20fill-opacity%3D%220%22%2F%3E%3C%2Fsvg%3E\" data-srcset=\"https:\/\/www.hotelcastrum.it\/wp-content\/uploads\/2025\/06\/castrum-chiesa-200x285.jpg 200w, https:\/\/www.hotelcastrum.it\/wp-content\/uploads\/2025\/06\/castrum-chiesa-400x569.jpg 400w, https:\/\/www.hotelcastrum.it\/wp-content\/uploads\/2025\/06\/castrum-chiesa-600x854.jpg 600w, https:\/\/www.hotelcastrum.it\/wp-content\/uploads\/2025\/06\/castrum-chiesa-800x1138.jpg 800w, https:\/\/www.hotelcastrum.it\/wp-content\/uploads\/2025\/06\/castrum-chiesa-1200x1708.jpg 1200w, https:\/\/www.hotelcastrum.it\/wp-content\/uploads\/2025\/06\/castrum-chiesa.jpg 1650w\" data-sizes=\"auto\" data-orig-sizes=\"(max-width: 1024px) 100vw, (max-width: 640px) 100vw, 600px\" \/><\/span><\/div><\/div><\/div><\/div><div class=\"fusion-layout-column fusion_builder_column fusion-builder-column-4 fusion_builder_column_1_2 1_2 fusion-flex-column\" style=\"--awb-padding-right:4%;--awb-padding-left:4%;--awb-padding-right-medium:4%;--awb-padding-left-medium:4%;--awb-bg-blend:overlay;--awb-bg-size:cover;--awb-width-large:50%;--awb-margin-top-large:0px;--awb-spacing-right-large:3.84%;--awb-margin-bottom-large:20px;--awb-spacing-left-large:3.84%;--awb-width-medium:100%;--awb-spacing-right-medium:1.92%;--awb-spacing-left-medium:1.92%;--awb-width-small:100%;--awb-spacing-right-small:1.92%;--awb-spacing-left-small:1.92%;\"><div class=\"fusion-column-wrapper fusion-flex-justify-content-flex-start fusion-content-layout-column\"><div class=\"fusion-title title fusion-title-3 fusion-title-text fusion-title-size-two\" style=\"--awb-margin-bottom:0px;--awb-margin-bottom-small:0px;--awb-margin-bottom-medium:0px;--awb-font-size:var(--awb-typography2-font-size);\"><div class=\"title-sep-container title-sep-container-left fusion-no-large-visibility fusion-no-medium-visibility fusion-no-small-visibility\"><div class=\"title-sep sep- sep-solid\" style=\"border-color:var(--awb-color3);\"><\/div><\/div><span class=\"awb-title-spacer fusion-no-large-visibility fusion-no-medium-visibility fusion-no-small-visibility\"><\/span><h2 class=\"fusion-title-heading title-heading-left fusion-responsive-typography-calculated\" style=\"font-family:var(--awb-typography2-font-family);font-weight:var(--awb-typography2-font-weight);font-style:var(--awb-typography2-font-style);margin:0;font-size:1em;letter-spacing:var(--awb-typography2-letter-spacing);text-transform:var(--awb-typography2-text-transform);--fontSize:14;--minFontSize:14;line-height:var(--awb-typography2-line-height);\">ALTSTADT<\/h2><span class=\"awb-title-spacer\"><\/span><div class=\"title-sep-container title-sep-container-right\"><div class=\"title-sep sep- sep-solid\" style=\"border-color:var(--awb-color3);\"><\/div><\/div><\/div><div class=\"fusion-title title fusion-title-4 fusion-title-text fusion-title-size-three\" style=\"--awb-margin-bottom-small:15px;--awb-font-size:46px;\"><div class=\"title-sep-container title-sep-container-left fusion-no-large-visibility fusion-no-medium-visibility fusion-no-small-visibility\"><div class=\"title-sep sep- sep-solid\" style=\"border-color:var(--awb-color3);\"><\/div><\/div><span class=\"awb-title-spacer fusion-no-large-visibility fusion-no-medium-visibility fusion-no-small-visibility\"><\/span><h3 class=\"fusion-title-heading title-heading-left fusion-responsive-typography-calculated\" style=\"margin:0;font-size:1em;--fontSize:46;line-height:var(--awb-typography1-line-height);\">Das Castrum heute: Handwerk, Genuss und Spiritualit\u00e4t<\/h3><span class=\"awb-title-spacer\"><\/span><div class=\"title-sep-container title-sep-container-right\"><div class=\"title-sep sep- sep-solid\" style=\"border-color:var(--awb-color3);\"><\/div><\/div><\/div><div class=\"fusion-separator\" style=\"align-self: flex-start;margin-right:auto;margin-top:0px;margin-bottom:20px;width:100%;max-width:50px;\"><div class=\"fusion-separator-border sep-single sep-solid\" style=\"--awb-height:20px;--awb-amount:20px;--awb-sep-color:var(--awb-color4);border-color:var(--awb-color4);border-top-width:1px;\"><\/div><\/div><div class=\"fusion-text fusion-text-2\" style=\"--awb-content-alignment:left;\"><p>Heute, innerhalb der alten Mauern des Castrum, lebt die Vergangenheit inmitten eines pulsierenden modernen Alltags weiter. Beim Spaziergang durch enge Gassen und Innenh\u00f6fe entdeckt man Kunsthandwerksl\u00e4den, K\u00fcnstlerateliers, renommierte Restaurants, typische Osterien und Lokale mit authentischem Flair.<\/p>\n<p>Nur wenige Schritte entfernt erheben sich die Basilika von Sant\u2019Eufemia und andere historische Kirchen \u2013 H\u00fcter eines zeitlosen spirituellen und architektonischen Erbes. Das Castrum ist nicht nur Erinnerung: Es ist ein lebendiger Ort, an dem Geschichte, Kultur und Alltag in einem \u00fcberraschenden Gleichgewicht aufeinandertreffen.<\/p>\n<\/div><div class=\"fusion-image-element \" style=\"text-align:center;--awb-caption-title-font-family:var(--h2_typography-font-family);--awb-caption-title-font-weight:var(--h2_typography-font-weight);--awb-caption-title-font-style:var(--h2_typography-font-style);--awb-caption-title-size:var(--h2_typography-font-size);--awb-caption-title-transform:var(--h2_typography-text-transform);--awb-caption-title-line-height:var(--h2_typography-line-height);--awb-caption-title-letter-spacing:var(--h2_typography-letter-spacing);\"><span class=\" fusion-imageframe imageframe-none imageframe-3 hover-type-none\"><img decoding=\"async\" width=\"400\" height=\"437\" title=\"P9030394\" src=\"https:\/\/www.hotelcastrum.it\/wp-content\/uploads\/2025\/05\/P9030394.jpg\" data-orig-src=\"http:\/\/www.hotelcastrum.it\/wp-content\/uploads\/2025\/05\/P9030394-400x437.jpg\" alt class=\"lazyload img-responsive wp-image-2821\" srcset=\"data:image\/svg+xml,%3Csvg%20xmlns%3D%27http%3A%2F%2Fwww.w3.org%2F2000%2Fsvg%27%20width%3D%27731%27%20height%3D%27799%27%20viewBox%3D%270%200%20731%20799%27%3E%3Crect%20width%3D%27731%27%20height%3D%27799%27%20fill-opacity%3D%220%22%2F%3E%3C%2Fsvg%3E\" data-srcset=\"https:\/\/www.hotelcastrum.it\/wp-content\/uploads\/2025\/05\/P9030394-200x219.jpg 200w, https:\/\/www.hotelcastrum.it\/wp-content\/uploads\/2025\/05\/P9030394-400x437.jpg 400w, https:\/\/www.hotelcastrum.it\/wp-content\/uploads\/2025\/05\/P9030394-600x656.jpg 600w, https:\/\/www.hotelcastrum.it\/wp-content\/uploads\/2025\/05\/P9030394.jpg 731w\" data-sizes=\"auto\" data-orig-sizes=\"(max-width: 1024px) 100vw, (max-width: 640px) 100vw, 600px\" \/><\/span><\/div><\/div><\/div><\/div><\/div><\/p>\n","protected":false},"excerpt":{"rendered":"","protected":false},"author":1,"featured_media":2839,"parent":0,"menu_order":0,"comment_status":"open","ping_status":"open","template":"100-width.php","meta":{"footnotes":""},"class_list":["post-2916","page","type-page","status-publish","has-post-thumbnail","hentry"],"_links":{"self":[{"href":"https:\/\/www.hotelcastrum.it\/de\/wp-json\/wp\/v2\/pages\/2916","targetHints":{"allow":["GET"]}}],"collection":[{"href":"https:\/\/www.hotelcastrum.it\/de\/wp-json\/wp\/v2\/pages"}],"about":[{"href":"https:\/\/www.hotelcastrum.it\/de\/wp-json\/wp\/v2\/types\/page"}],"author":[{"embeddable":true,"href":"https:\/\/www.hotelcastrum.it\/de\/wp-json\/wp\/v2\/users\/1"}],"replies":[{"embeddable":true,"href":"https:\/\/www.hotelcastrum.it\/de\/wp-json\/wp\/v2\/comments?post=2916"}],"version-history":[{"count":9,"href":"https:\/\/www.hotelcastrum.it\/de\/wp-json\/wp\/v2\/pages\/2916\/revisions"}],"predecessor-version":[{"id":3058,"href":"https:\/\/www.hotelcastrum.it\/de\/wp-json\/wp\/v2\/pages\/2916\/revisions\/3058"}],"wp:featuredmedia":[{"embeddable":true,"href":"https:\/\/www.hotelcastrum.it\/de\/wp-json\/wp\/v2\/media\/2839"}],"wp:attachment":[{"href":"https:\/\/www.hotelcastrum.it\/de\/wp-json\/wp\/v2\/media?parent=2916"}],"curies":[{"name":"wp","href":"https:\/\/api.w.org\/{rel}","templated":true}]}}