{"id":2878,"date":"2015-02-03T20:15:09","date_gmt":"2015-02-03T19:15:09","guid":{"rendered":"https:\/\/www.hotelcastrum.it\/bar-e-colazione-castrum\/"},"modified":"2025-07-28T16:20:56","modified_gmt":"2025-07-28T15:20:56","slug":"bar-e-colazione-castrum","status":"publish","type":"page","link":"https:\/\/www.hotelcastrum.it\/de\/bar-e-colazione-castrum\/","title":{"rendered":"Bar und Fr\u00fchst\u00fcck"},"content":{"rendered":"<p><div class=\"fusion-fullwidth fullwidth-box fusion-builder-row-1 fusion-flex-container nonhundred-percent-fullwidth non-hundred-percent-height-scrolling\" style=\"--awb-background-position:left top;--awb-border-sizes-top:0px;--awb-border-sizes-bottom:0px;--awb-border-sizes-left:0px;--awb-border-sizes-right:0px;--awb-border-radius-top-left:0px;--awb-border-radius-top-right:0px;--awb-border-radius-bottom-right:0px;--awb-border-radius-bottom-left:0px;--awb-padding-top:0px;--awb-padding-bottom:85px;--awb-flex-wrap:wrap;\" ><div class=\"fusion-builder-row fusion-row fusion-flex-align-items-flex-start fusion-flex-content-wrap\" style=\"max-width:1216.8px;margin-left: calc(-4% \/ 2 );margin-right: calc(-4% \/ 2 );\"><div class=\"fusion-layout-column fusion_builder_column fusion-builder-column-0 fusion_builder_column_1_2 1_2 fusion-flex-column\" style=\"--awb-padding-top:40px;--awb-padding-right:40px;--awb-padding-bottom:40px;--awb-padding-left:40px;--awb-bg-color:var(--awb-color1);--awb-bg-color-hover:var(--awb-color1);--awb-bg-size:cover;--awb-border-color:var(--awb-color2);--awb-border-top:1px;--awb-border-right:1px;--awb-border-bottom:1px;--awb-border-left:1px;--awb-border-style:solid;--awb-width-large:50%;--awb-margin-top-large:0px;--awb-spacing-right-large:3.84%;--awb-margin-bottom-large:20px;--awb-spacing-left-large:3.84%;--awb-width-medium:100%;--awb-spacing-right-medium:1.92%;--awb-margin-bottom-medium:48px;--awb-spacing-left-medium:1.92%;--awb-width-small:100%;--awb-spacing-right-small:1.92%;--awb-spacing-left-small:1.92%;\"><div class=\"fusion-column-wrapper fusion-flex-justify-content-flex-start fusion-content-layout-column\"><div class=\"fusion-image-element \" style=\"text-align:center;--awb-liftup-border-radius:0px;--awb-caption-title-font-family:var(--h2_typography-font-family);--awb-caption-title-font-weight:var(--h2_typography-font-weight);--awb-caption-title-font-style:var(--h2_typography-font-style);--awb-caption-title-size:var(--h2_typography-font-size);--awb-caption-title-transform:var(--h2_typography-text-transform);--awb-caption-title-line-height:var(--h2_typography-line-height);--awb-caption-title-letter-spacing:var(--h2_typography-letter-spacing);\"><div class=\"awb-image-frame awb-image-frame-1 imageframe-liftup\"><span class=\" fusion-imageframe imageframe-dropshadow imageframe-1\" style=\"border:13px solid var(--awb-color1);-webkit-box-shadow: 3px 3px 7px var(--awb-color3);box-shadow: 3px 3px 7px var(--awb-color3);\"><a href=\"http:\/\/www.hotelcastrum.it\/wp-content\/uploads\/2025\/06\/ape.jpg\" class=\"fusion-lightbox\" data-rel=\"iLightbox[e7b411130bf649ff932]\" data-title=\"ape\" title=\"ape\"><img decoding=\"async\" width=\"1650\" height=\"2348\" src=\"https:\/\/www.hotelcastrum.it\/wp-content\/uploads\/2025\/06\/ape.jpg\" data-orig-src=\"http:\/\/www.hotelcastrum.it\/wp-content\/uploads\/2025\/06\/ape.jpg\" alt class=\"lazyload img-responsive wp-image-2685\" srcset=\"data:image\/svg+xml,%3Csvg%20xmlns%3D%27http%3A%2F%2Fwww.w3.org%2F2000%2Fsvg%27%20width%3D%271650%27%20height%3D%272348%27%20viewBox%3D%270%200%201650%202348%27%3E%3Crect%20width%3D%271650%27%20height%3D%272348%27%20fill-opacity%3D%220%22%2F%3E%3C%2Fsvg%3E\" data-srcset=\"https:\/\/www.hotelcastrum.it\/wp-content\/uploads\/2025\/06\/ape-200x285.jpg 200w, https:\/\/www.hotelcastrum.it\/wp-content\/uploads\/2025\/06\/ape-400x569.jpg 400w, https:\/\/www.hotelcastrum.it\/wp-content\/uploads\/2025\/06\/ape-600x854.jpg 600w, https:\/\/www.hotelcastrum.it\/wp-content\/uploads\/2025\/06\/ape-800x1138.jpg 800w, https:\/\/www.hotelcastrum.it\/wp-content\/uploads\/2025\/06\/ape-1200x1708.jpg 1200w, https:\/\/www.hotelcastrum.it\/wp-content\/uploads\/2025\/06\/ape.jpg 1650w\" data-sizes=\"auto\" data-orig-sizes=\"(max-width: 1024px) 100vw, (max-width: 640px) 100vw, 600px\" \/><\/a><\/span><\/div><\/div><\/div><\/div><div class=\"fusion-layout-column fusion_builder_column fusion-builder-column-1 fusion_builder_column_1_2 1_2 fusion-flex-column\" style=\"--awb-padding-right:6%;--awb-padding-left:6%;--awb-padding-right-medium:4%;--awb-padding-left-medium:4%;--awb-bg-blend:overlay;--awb-bg-size:cover;--awb-width-large:50%;--awb-margin-top-large:0px;--awb-spacing-right-large:3.84%;--awb-margin-bottom-large:20px;--awb-spacing-left-large:3.84%;--awb-width-medium:100%;--awb-spacing-right-medium:1.92%;--awb-spacing-left-medium:1.92%;--awb-width-small:100%;--awb-spacing-right-small:1.92%;--awb-spacing-left-small:1.92%;\"><div class=\"fusion-column-wrapper fusion-flex-justify-content-flex-start fusion-content-layout-column\"><div class=\"fusion-title title fusion-title-1 fusion-title-text fusion-title-size-two\" style=\"--awb-margin-bottom:0px;--awb-margin-bottom-small:0px;--awb-margin-bottom-medium:0px;--awb-font-size:var(--awb-typography2-font-size);\"><div class=\"title-sep-container title-sep-container-left fusion-no-large-visibility fusion-no-medium-visibility fusion-no-small-visibility\"><div class=\"title-sep sep- sep-solid\" style=\"border-color:var(--awb-color3);\"><\/div><\/div><span class=\"awb-title-spacer fusion-no-large-visibility fusion-no-medium-visibility fusion-no-small-visibility\"><\/span><h2 class=\"fusion-title-heading title-heading-left fusion-responsive-typography-calculated\" style=\"font-family:var(--awb-typography2-font-family);font-weight:var(--awb-typography2-font-weight);font-style:var(--awb-typography2-font-style);margin:0;font-size:1em;letter-spacing:var(--awb-typography2-letter-spacing);text-transform:var(--awb-typography2-text-transform);--fontSize:14;--minFontSize:14;line-height:var(--awb-typography2-line-height);\">BAR UND KAFFEEBAR<\/h2><span class=\"awb-title-spacer\"><\/span><div class=\"title-sep-container title-sep-container-right\"><div class=\"title-sep sep- sep-solid\" style=\"border-color:var(--awb-color3);\"><\/div><\/div><\/div><div class=\"fusion-title title fusion-title-2 fusion-title-text fusion-title-size-three\" style=\"--awb-margin-bottom-small:15px;--awb-font-size:46px;\"><div class=\"title-sep-container title-sep-container-left fusion-no-large-visibility fusion-no-medium-visibility fusion-no-small-visibility\"><div class=\"title-sep sep- sep-solid\" style=\"border-color:var(--awb-color3);\"><\/div><\/div><span class=\"awb-title-spacer fusion-no-large-visibility fusion-no-medium-visibility fusion-no-small-visibility\"><\/span><h3 class=\"fusion-title-heading title-heading-left fusion-responsive-typography-calculated\" style=\"margin:0;font-size:1em;--fontSize:46;line-height:var(--awb-typography1-line-height);\">Kaffee und Aperitifs<\/h3><span class=\"awb-title-spacer\"><\/span><div class=\"title-sep-container title-sep-container-right\"><div class=\"title-sep sep- sep-solid\" style=\"border-color:var(--awb-color3);\"><\/div><\/div><\/div><div class=\"fusion-text fusion-text-1\" style=\"--awb-content-alignment:left;\"><p data-start=\"44\" data-end=\"199\">Im Laufe des Tages steht Ihnen unsere Bar jederzeit zur Verf\u00fcgung \u2013 f\u00fcr eine Kaffeepause, einen leichten Snack oder ein Glas Wein nach Ihren Spazierg\u00e4ngen.<\/p>\n<p data-start=\"201\" data-end=\"392\">Sie k\u00f6nnen w\u00e4hlen, ob Sie es sich in der Lounge-Zone gem\u00fctlich machen oder die Ruhe unseres privaten Gartens genie\u00dfen m\u00f6chten \u2013 eine intime und ruhige Oase, verborgen in den Gassen von Grado.<\/p>\n<p data-start=\"394\" data-end=\"504\" data-is-last-node=\"\" data-is-only-node=\"\">Ein einfacher, aber liebevoll gestalteter Service, der Ihre Entspannungsmomente zu jeder Jahreszeit begleitet.<\/p>\n<\/div><div class=\"fusion-separator\" style=\"align-self: flex-start;margin-right:auto;margin-top:0px;margin-bottom:20px;width:100%;max-width:50px;\"><div class=\"fusion-separator-border sep-single sep-solid\" style=\"--awb-height:20px;--awb-amount:20px;--awb-sep-color:var(--awb-color4);border-color:var(--awb-color4);border-top-width:1px;\"><\/div><\/div><div class=\"fusion-image-element \" style=\"text-align:center;--awb-margin-top:24px;--awb-caption-title-font-family:var(--h2_typography-font-family);--awb-caption-title-font-weight:var(--h2_typography-font-weight);--awb-caption-title-font-style:var(--h2_typography-font-style);--awb-caption-title-size:var(--h2_typography-font-size);--awb-caption-title-transform:var(--h2_typography-text-transform);--awb-caption-title-line-height:var(--h2_typography-line-height);--awb-caption-title-letter-spacing:var(--h2_typography-letter-spacing);\"><span class=\" fusion-imageframe imageframe-none imageframe-2 hover-type-none\"><a href=\"http:\/\/www.hotelcastrum.it\/wp-content\/uploads\/2025\/05\/colazione-1-1024x574.jpg\" class=\"fusion-lightbox\" data-rel=\"iLightbox[2a7989baa541723c9de]\" data-title=\"colazione\" title=\"colazione\"><img decoding=\"async\" width=\"1024\" height=\"574\" src=\"https:\/\/www.hotelcastrum.it\/wp-content\/uploads\/2025\/05\/colazione-1.jpg\" data-orig-src=\"http:\/\/www.hotelcastrum.it\/wp-content\/uploads\/2025\/05\/colazione-1-1024x574.jpg\" alt class=\"lazyload img-responsive wp-image-2629\" srcset=\"data:image\/svg+xml,%3Csvg%20xmlns%3D%27http%3A%2F%2Fwww.w3.org%2F2000%2Fsvg%27%20width%3D%271124%27%20height%3D%27630%27%20viewBox%3D%270%200%201124%20630%27%3E%3Crect%20width%3D%271124%27%20height%3D%27630%27%20fill-opacity%3D%220%22%2F%3E%3C%2Fsvg%3E\" data-srcset=\"https:\/\/www.hotelcastrum.it\/wp-content\/uploads\/2025\/05\/colazione-1-200x112.jpg 200w, https:\/\/www.hotelcastrum.it\/wp-content\/uploads\/2025\/05\/colazione-1-400x224.jpg 400w, https:\/\/www.hotelcastrum.it\/wp-content\/uploads\/2025\/05\/colazione-1-600x336.jpg 600w, https:\/\/www.hotelcastrum.it\/wp-content\/uploads\/2025\/05\/colazione-1-800x448.jpg 800w, https:\/\/www.hotelcastrum.it\/wp-content\/uploads\/2025\/05\/colazione-1.jpg 1124w\" data-sizes=\"auto\" data-orig-sizes=\"(max-width: 1024px) 100vw, (max-width: 640px) 100vw, 600px\" \/><\/a><\/span><\/div><\/div><\/div><\/div><\/div><div class=\"fusion-fullwidth fullwidth-box fusion-builder-row-2 fusion-flex-container has-pattern-background has-mask-background nonhundred-percent-fullwidth non-hundred-percent-height-scrolling\" style=\"--awb-background-position:left top;--awb-border-sizes-top:0px;--awb-border-sizes-bottom:0px;--awb-border-sizes-left:0px;--awb-border-sizes-right:0px;--awb-border-radius-top-left:0px;--awb-border-radius-top-right:0px;--awb-border-radius-bottom-right:0px;--awb-border-radius-bottom-left:0px;--awb-padding-top:120px;--awb-padding-bottom:120px;--awb-padding-top-medium:80px;--awb-padding-bottom-medium:48px;--awb-flex-wrap:wrap;\" ><div class=\"fusion-builder-row fusion-row fusion-flex-align-items-stretch fusion-flex-content-wrap\" style=\"max-width:calc( 1170px + 0px );margin-left: calc(-0px \/ 2 );margin-right: calc(-0px \/ 2 );\"><div class=\"fusion-layout-column fusion_builder_column fusion-builder-column-2 fusion_builder_column_1_3 1_3 fusion-flex-column\" style=\"--awb-padding-right:6%;--awb-padding-left:6%;--awb-bg-position:right bottom;--awb-bg-blend:overlay;--awb-bg-size:cover;--awb-width-large:33.333333333333%;--awb-margin-top-large:0px;--awb-spacing-right-large:0px;--awb-margin-bottom-large:20px;--awb-spacing-left-large:0px;--awb-width-medium:100%;--awb-order-medium:0;--awb-spacing-right-medium:0px;--awb-margin-bottom-medium:48px;--awb-spacing-left-medium:0px;--awb-width-small:100%;--awb-order-small:0;--awb-spacing-right-small:0px;--awb-spacing-left-small:0px;\" data-scroll-devices=\"small-visibility,medium-visibility,large-visibility\"><div class=\"fusion-column-wrapper fusion-column-has-shadow fusion-flex-justify-content-center fusion-content-layout-column\"><div class=\"fusion-title title fusion-title-3 fusion-title-text fusion-title-size-two\" style=\"--awb-margin-bottom:0px;--awb-margin-bottom-small:0px;--awb-margin-bottom-medium:0px;--awb-font-size:var(--awb-typography2-font-size);\"><div class=\"title-sep-container title-sep-container-left fusion-no-large-visibility fusion-no-medium-visibility fusion-no-small-visibility\"><div class=\"title-sep sep- sep-solid\" style=\"border-color:var(--awb-color3);\"><\/div><\/div><span class=\"awb-title-spacer fusion-no-large-visibility fusion-no-medium-visibility fusion-no-small-visibility\"><\/span><h2 class=\"fusion-title-heading title-heading-left fusion-responsive-typography-calculated\" style=\"font-family:var(--awb-typography2-font-family);font-weight:var(--awb-typography2-font-weight);font-style:var(--awb-typography2-font-style);margin:0;font-size:1em;letter-spacing:var(--awb-typography2-letter-spacing);text-transform:var(--awb-typography2-text-transform);--fontSize:14;--minFontSize:14;line-height:var(--awb-typography2-line-height);\">FR\u00dcHST\u00dcCKSRAUM<\/h2><span class=\"awb-title-spacer\"><\/span><div class=\"title-sep-container title-sep-container-right\"><div class=\"title-sep sep- sep-solid\" style=\"border-color:var(--awb-color3);\"><\/div><\/div><\/div><div class=\"fusion-title title fusion-title-4 fusion-title-text fusion-title-size-three\" style=\"--awb-margin-bottom-small:15px;--awb-font-size:46px;\"><div class=\"title-sep-container title-sep-container-left fusion-no-large-visibility fusion-no-medium-visibility fusion-no-small-visibility\"><div class=\"title-sep sep- sep-solid\" style=\"border-color:var(--awb-color3);\"><\/div><\/div><span class=\"awb-title-spacer fusion-no-large-visibility fusion-no-medium-visibility fusion-no-small-visibility\"><\/span><h3 class=\"fusion-title-heading title-heading-left fusion-responsive-typography-calculated\" style=\"margin:0;font-size:1em;--fontSize:46;line-height:var(--awb-typography1-line-height);\">Fr\u00fchst\u00fccksbuffet<\/h3><span class=\"awb-title-spacer\"><\/span><div class=\"title-sep-container title-sep-container-right\"><div class=\"title-sep sep- sep-solid\" style=\"border-color:var(--awb-color3);\"><\/div><\/div><\/div><div class=\"fusion-separator\" style=\"align-self: flex-start;margin-right:auto;margin-top:0px;margin-bottom:20px;width:100%;max-width:50px;\"><div class=\"fusion-separator-border sep-single sep-solid\" style=\"--awb-height:20px;--awb-amount:20px;--awb-sep-color:var(--awb-color4);border-color:var(--awb-color4);border-top-width:1px;\"><\/div><\/div><div class=\"fusion-text fusion-text-2\" style=\"--awb-content-alignment:left;\"><p data-start=\"41\" data-end=\"402\">Am Morgen erwartet Sie unser Fr\u00fchst\u00fccksraum \u2013 hell, einladend und mit Blick auf den Innenhofgarten. Das s\u00fc\u00dfe und herzhafte Fr\u00fchst\u00fcck wird in Buffetform serviert und umfasst eine sorgf\u00e4ltige Auswahl an hausgemachten Produkten. Frisch gebackene Croissants, handgemachte Marmeladen, Joghurt, Obst, K\u00e4se, lokale Wurstwaren und vieles mehr d\u00fcrfen dabei nicht fehlen.<\/p>\n<p data-start=\"404\" data-end=\"664\" data-is-last-node=\"\" data-is-only-node=\"\">Auf Wunsch sind auch Optionen f\u00fcr Nahrungsmittelunvertr\u00e4glichkeiten und spezielle Vorlieben erh\u00e4ltlich. Unsere Bar steht Ihnen ebenfalls zur Verf\u00fcgung \u2013 f\u00fcr eine entspannte Kaffeepause oder einen Aperitif nach einem Tag am Meer oder beim Erkunden der Umgebung.<\/p>\n<\/div><\/div><\/div><div class=\"fusion-layout-column fusion_builder_column fusion-builder-column-3 fusion_builder_column_2_3 2_3 fusion-flex-column\" style=\"--awb-padding-top:40px;--awb-padding-right:40px;--awb-padding-bottom:40px;--awb-padding-left:40px;--awb-bg-color:var(--awb-color1);--awb-bg-color-hover:var(--awb-color1);--awb-bg-size:cover;--awb-border-color:var(--awb-color2);--awb-border-top:1px;--awb-border-right:1px;--awb-border-bottom:1px;--awb-border-left:1px;--awb-border-style:solid;--awb-width-large:66.666666666667%;--awb-margin-top-large:0px;--awb-spacing-right-large:0px;--awb-margin-bottom-large:20px;--awb-spacing-left-large:0px;--awb-width-medium:100%;--awb-spacing-right-medium:0px;--awb-spacing-left-medium:0px;--awb-width-small:100%;--awb-spacing-right-small:0px;--awb-spacing-left-small:0px;\"><div class=\"fusion-column-wrapper fusion-flex-justify-content-flex-start fusion-content-layout-column\"><div class=\"fusion-image-element \" style=\"text-align:center;--awb-liftup-border-radius:0px;--awb-caption-title-font-family:var(--h2_typography-font-family);--awb-caption-title-font-weight:var(--h2_typography-font-weight);--awb-caption-title-font-style:var(--h2_typography-font-style);--awb-caption-title-size:var(--h2_typography-font-size);--awb-caption-title-transform:var(--h2_typography-text-transform);--awb-caption-title-line-height:var(--h2_typography-line-height);--awb-caption-title-letter-spacing:var(--h2_typography-letter-spacing);\"><div class=\"awb-image-frame awb-image-frame-3 imageframe-liftup\"><span class=\" fusion-imageframe imageframe-dropshadow imageframe-3\" style=\"border:13px solid var(--awb-color1);-webkit-box-shadow: 3px 3px 7px var(--awb-color3);box-shadow: 3px 3px 7px var(--awb-color3);\"><img decoding=\"async\" width=\"800\" height=\"420\" title=\"buffet\" src=\"https:\/\/www.hotelcastrum.it\/wp-content\/uploads\/2025\/07\/buffet-1.jpg\" data-orig-src=\"https:\/\/www.hotelcastrum.it\/wp-content\/uploads\/2025\/07\/buffet-1.jpg\" alt class=\"lazyload img-responsive wp-image-3069\" srcset=\"data:image\/svg+xml,%3Csvg%20xmlns%3D%27http%3A%2F%2Fwww.w3.org%2F2000%2Fsvg%27%20width%3D%27800%27%20height%3D%27420%27%20viewBox%3D%270%200%20800%20420%27%3E%3Crect%20width%3D%27800%27%20height%3D%27420%27%20fill-opacity%3D%220%22%2F%3E%3C%2Fsvg%3E\" data-srcset=\"https:\/\/www.hotelcastrum.it\/wp-content\/uploads\/2025\/07\/buffet-1-200x105.jpg 200w, https:\/\/www.hotelcastrum.it\/wp-content\/uploads\/2025\/07\/buffet-1-400x210.jpg 400w, https:\/\/www.hotelcastrum.it\/wp-content\/uploads\/2025\/07\/buffet-1-600x315.jpg 600w, https:\/\/www.hotelcastrum.it\/wp-content\/uploads\/2025\/07\/buffet-1.jpg 800w\" data-sizes=\"auto\" data-orig-sizes=\"(max-width: 1024px) 100vw, (max-width: 640px) 100vw, 800px\" \/><\/span><\/div><\/div><\/div><\/div><\/div><\/div><\/p>\n","protected":false},"excerpt":{"rendered":"","protected":false},"author":1,"featured_media":3061,"parent":0,"menu_order":0,"comment_status":"open","ping_status":"closed","template":"100-width.php","meta":{"footnotes":""},"class_list":["post-2878","page","type-page","status-publish","has-post-thumbnail","hentry"],"_links":{"self":[{"href":"https:\/\/www.hotelcastrum.it\/de\/wp-json\/wp\/v2\/pages\/2878","targetHints":{"allow":["GET"]}}],"collection":[{"href":"https:\/\/www.hotelcastrum.it\/de\/wp-json\/wp\/v2\/pages"}],"about":[{"href":"https:\/\/www.hotelcastrum.it\/de\/wp-json\/wp\/v2\/types\/page"}],"author":[{"embeddable":true,"href":"https:\/\/www.hotelcastrum.it\/de\/wp-json\/wp\/v2\/users\/1"}],"replies":[{"embeddable":true,"href":"https:\/\/www.hotelcastrum.it\/de\/wp-json\/wp\/v2\/comments?post=2878"}],"version-history":[{"count":7,"href":"https:\/\/www.hotelcastrum.it\/de\/wp-json\/wp\/v2\/pages\/2878\/revisions"}],"predecessor-version":[{"id":3074,"href":"https:\/\/www.hotelcastrum.it\/de\/wp-json\/wp\/v2\/pages\/2878\/revisions\/3074"}],"wp:featuredmedia":[{"embeddable":true,"href":"https:\/\/www.hotelcastrum.it\/de\/wp-json\/wp\/v2\/media\/3061"}],"wp:attachment":[{"href":"https:\/\/www.hotelcastrum.it\/de\/wp-json\/wp\/v2\/media?parent=2878"}],"curies":[{"name":"wp","href":"https:\/\/api.w.org\/{rel}","templated":true}]}}